{"id":594,"date":"2024-08-30T02:04:13","date_gmt":"2024-08-30T02:04:13","guid":{"rendered":"https:\/\/kawaiikadikoy.com\/?page_id=594"},"modified":"2024-09-29T16:15:49","modified_gmt":"2024-09-29T16:15:49","slug":"anasayfa","status":"publish","type":"page","link":"https:\/\/kawaiikadikoy.com\/en\/anasayfa\/","title":{"rendered":"Anasayfa"},"content":{"rendered":"<div data-elementor-type=\"wp-post\" data-elementor-id=\"594\" class=\"elementor elementor-594\" data-elementor-post-type=\"page\">\n\t\t\t\t<div class=\"elementor-element elementor-element-7a79cb58 e-con-full e-flex e-con e-parent\" data-id=\"7a79cb58\" data-element_type=\"container\" data-settings=\"{&quot;background_background&quot;:&quot;classic&quot;}\">\n\t\t<div class=\"elementor-element elementor-element-230ce913 e-con-full e-flex e-con e-child\" data-id=\"230ce913\" data-element_type=\"container\" data-settings=\"{&quot;background_background&quot;:&quot;classic&quot;}\">\n\t\t\t\t<div class=\"elementor-element elementor-element-c4b289c elementor-widget elementor-widget-image\" data-id=\"c4b289c\" data-element_type=\"widget\" data-widget_type=\"image.default\">\n\t\t\t\t<div class=\"elementor-widget-container\">\n\t\t\t\t\t\t\t\t\t\t\t\t\t<img fetchpriority=\"high\" decoding=\"async\" width=\"800\" height=\"600\" src=\"https:\/\/kawaiikadikoy.com\/wp-content\/uploads\/2024\/09\/WhatsApp-Gorsel-2024-09-29-saat-18.18.44_9870a449-1024x768.webp\" class=\"attachment-large size-large wp-image-759\" alt=\"Kawaii Cafe Kad\u0131k\u00f6y\" srcset=\"https:\/\/kawaiikadikoy.com\/wp-content\/uploads\/2024\/09\/WhatsApp-Gorsel-2024-09-29-saat-18.18.44_9870a449-1024x768.webp 1024w, https:\/\/kawaiikadikoy.com\/wp-content\/uploads\/2024\/09\/WhatsApp-Gorsel-2024-09-29-saat-18.18.44_9870a449-300x225.webp 300w, https:\/\/kawaiikadikoy.com\/wp-content\/uploads\/2024\/09\/WhatsApp-Gorsel-2024-09-29-saat-18.18.44_9870a449-768x576.webp 768w, https:\/\/kawaiikadikoy.com\/wp-content\/uploads\/2024\/09\/WhatsApp-Gorsel-2024-09-29-saat-18.18.44_9870a449-1536x1152.webp 1536w, https:\/\/kawaiikadikoy.com\/wp-content\/uploads\/2024\/09\/WhatsApp-Gorsel-2024-09-29-saat-18.18.44_9870a449.webp 1600w\" sizes=\"(max-width: 800px) 100vw, 800px\" \/>\t\t\t\t\t\t\t\t\t\t\t\t\t<\/div>\n\t\t\t\t<\/div>\n\t\t<div class=\"elementor-element elementor-element-d4d2241 e-con-full e-flex e-con e-child\" data-id=\"d4d2241\" data-element_type=\"container\">\n\t\t\t\t<div class=\"elementor-element elementor-element-5dab860 elementor-widget__width-initial elementor-widget elementor-widget-heading\" data-id=\"5dab860\" data-element_type=\"widget\" data-widget_type=\"heading.default\">\n\t\t\t\t<div class=\"elementor-widget-container\">\n\t\t\t<style>\/*! elementor - v3.23.0 - 23-07-2024 *\/\n.elementor-heading-title{padding:0;margin:0;line-height:1}.elementor-widget-heading .elementor-heading-title[class*=elementor-size-]>a{color:inherit;font-size:inherit;line-height:inherit}.elementor-widget-heading .elementor-heading-title.elementor-size-small{font-size:15px}.elementor-widget-heading .elementor-heading-title.elementor-size-medium{font-size:19px}.elementor-widget-heading .elementor-heading-title.elementor-size-large{font-size:29px}.elementor-widget-heading .elementor-heading-title.elementor-size-xl{font-size:39px}.elementor-widget-heading .elementor-heading-title.elementor-size-xxl{font-size:59px}<\/style><h1 class=\"elementor-heading-title elementor-size-default\">Kawaii Cafe<\/h1>\t\t<\/div>\n\t\t\t\t<\/div>\n\t\t\t\t<div class=\"elementor-element elementor-element-ca0cb54 elementor-widget elementor-widget-heading\" data-id=\"ca0cb54\" data-element_type=\"widget\" data-widget_type=\"heading.default\">\n\t\t\t\t<div class=\"elementor-widget-container\">\n\t\t\t<h2 class=\"elementor-heading-title elementor-size-default\">Kad\u0131k\u00f6y<\/h2>\t\t<\/div>\n\t\t\t\t<\/div>\n\t\t\t\t<\/div>\n\t\t\t\t<div class=\"elementor-element elementor-element-e416836 elementor-widget elementor-widget-text-editor\" data-id=\"e416836\" data-element_type=\"widget\" data-widget_type=\"text-editor.default\">\n\t\t\t\t<div class=\"elementor-widget-container\">\n\t\t\t<style>\/*! elementor - v3.23.0 - 23-07-2024 *\/\n.elementor-widget-text-editor.elementor-drop-cap-view-stacked .elementor-drop-cap{background-color:#69727d;color:#fff}.elementor-widget-text-editor.elementor-drop-cap-view-framed .elementor-drop-cap{color:#69727d;border:3px solid;background-color:transparent}.elementor-widget-text-editor:not(.elementor-drop-cap-view-default) .elementor-drop-cap{margin-top:8px}.elementor-widget-text-editor:not(.elementor-drop-cap-view-default) .elementor-drop-cap-letter{width:1em;height:1em}.elementor-widget-text-editor .elementor-drop-cap{float:left;text-align:center;line-height:1;font-size:50px}.elementor-widget-text-editor .elementor-drop-cap-letter{display:inline-block}<\/style>\t\t\t\t<p>Kawaii Cafe, Japonya ve Asya kafe, pastane k\u00fclt\u00fcr\u00fcnde bulunan, <strong>Japon Sufle Cheesecake<\/strong> ve <strong>Castella Kek<\/strong> tatl\u0131lar\u0131n\u0131 sizinle <strong>Kad\u0131k\u00f6y<\/strong>&#8216;de bulunan nezih, tarihi k\u00f6\u015fkler ve apartmanlarla \u00e7evrilmi\u015f, di\u011fer kafelerden ayr\u0131 daha samimi olmay\u0131 ama\u00e7layan bir \u015fekilde bulu\u015fturuyor.<\/p>\t\t\t\t\t\t<\/div>\n\t\t\t\t<\/div>\n\t\t\t\t<div class=\"elementor-element elementor-element-8f569cf elementor-widget elementor-widget-ucaddon_icon_pointer_button\" data-id=\"8f569cf\" data-element_type=\"widget\" data-widget_type=\"ucaddon_icon_pointer_button.default\">\n\t\t\t\t<div class=\"elementor-widget-container\">\n\t\t\t<!-- start Icon Pointer Button -->\n\t\t<link id='font-awesome-css' href='https:\/\/kawaiikadikoy.com\/wp-content\/plugins\/unlimited-elements-for-elementor-premium\/assets_libraries\/font-awesome6\/fontawesome-all.min.css' type='text\/css' rel='stylesheet' >\n\t\t<link id='font-awesome-4-shim-css' href='https:\/\/kawaiikadikoy.com\/wp-content\/plugins\/unlimited-elements-for-elementor-premium\/assets_libraries\/font-awesome6\/fontawesome-v4-shims.min.css' type='text\/css' rel='stylesheet' >\n\n\t\t\t<style type=\"text\/css\">\/* widget: Icon Pointer Button *\/\n\n#uc_icon_pointer_button_elementor_8f569cf *{\n\tmargin:0;\n\tbox-sizing: border-box;\n}\n\n#uc_icon_pointer_button_elementor_8f569cf {\n  text-align:left;\n  direction: ltr;\n}\n\n#uc_icon_pointer_button_elementor_8f569cf .icon_pointer_button_holder\n{\n  display:inline-block;\n}\n\n#uc_icon_pointer_button_elementor_8f569cf a {\n\tdisplay: flex;\n\tposition: relative;\n\ttransition: all 0.3s;\n    text-decoration:none;\n    overflow:hidden;\n}\n\n#uc_icon_pointer_button_elementor_8f569cf .icon_pointer_button_icon\n{\n  display:flex;\n  align-items:center;\n  justify-content:center;\n  position:relative;\n  transition: all 0.3s;\n}\n\n#uc_icon_pointer_button_elementor_8f569cf .icon_pointer_button_text\n{\n  flex-grow: 1;\n  text-align:center;\n}\n\n\n\t\n#uc_icon_pointer_button_elementor_8f569cf .icon_pointer_button_icon::after {\n\tcontent: \"\";\n    top: 50%;\n    clip-path: polygon(100% 50%, 0 0, 0 100%);\n  \ttransition: all 0.3s;\n  \tposition:absolute;\t\n      \tright: 0px;\t\n    transform: translateX(98%) translateY(-50%);\n  \t\t\n}  \n\n#uc_icon_pointer_button_elementor_8f569cf .icon_pointer_button_icon_holder\n{\n  transition: all 0.3s;\n  display:block;\n  line-height:1em;\n  background-color:transparent;\n\n}\n\n<\/style>\n\n\t\t\t<div class=\"icon_pointer_button\" id=\"uc_icon_pointer_button_elementor_8f569cf\">\n  \t<div class=\"icon_pointer_button_holder\">\n    <a href=\"https:\/\/kawaiikadikoy.com\/en\/\" class=\"ue-icon-btn\" >\n       <span class=\"icon_pointer_button_icon\">\n         <span class=\"icon_pointer_button_icon_holder\"><i class=\"fas fa-bread-slice\" aria-hidden=\"true\"><\/i><\/span>\n       <\/span>\n       <span class=\"icon_pointer_button_space\"><\/span>\n       <span class=\"icon_pointer_button_text\">\u00dcr\u00fcnlerimizi G\u00f6r\u00fcn<\/span>          \n    <\/a>\n    <\/div>\n<\/div>\n\t\t\t<!-- end Icon Pointer Button -->\t\t<\/div>\n\t\t\t\t<\/div>\n\t\t\t\t<\/div>\n\t\t\t\t<\/div>\n\t\t\t\t<\/div>","protected":false},"excerpt":{"rendered":"<p>Kawaii Cafe Kad\u0131k\u00f6y Kawaii Cafe, Japonya ve Asya kafe, pastane k\u00fclt\u00fcr\u00fcnde bulunan, Japon Sufle Cheesecake ve Castella Kek tatl\u0131lar\u0131n\u0131 sizinle Kad\u0131k\u00f6y&#8216;de bulunan nezih, tarihi k\u00f6\u015fkler ve apartmanlarla \u00e7evrilmi\u015f, di\u011fer kafelerden ayr\u0131 daha samimi olmay\u0131 ama\u00e7layan bir \u015fekilde bulu\u015fturuyor. \u00dcr\u00fcnlerimizi G\u00f6r\u00fcn<\/p>","protected":false},"author":1,"featured_media":0,"parent":0,"menu_order":1,"comment_status":"closed","ping_status":"closed","template":"","meta":{"_acf_changed":false,"footnotes":""},"class_list":["post-594","page","type-page","status-publish","hentry"],"acf":[],"yoast_head":"<!-- This site is optimized with the Yoast SEO Premium plugin v23.1 (Yoast SEO v23.1) - https:\/\/yoast.com\/wordpress\/plugins\/seo\/ -->\n<title>Anasayfa - Kawaii Cafe<\/title>\n<meta name=\"description\" content=\"Kawaii Cafe, g\u00fcn\u00fcn yorgunlu\u011funu ve stresinizi bir kenara b\u0131rak\u0131p rahatlayabilece\u011finiz, samimiyet ve konforu bir arada tutan bir i\u015fletmedir.\" \/>\n<meta name=\"robots\" content=\"index, follow, max-snippet:-1, max-image-preview:large, max-video-preview:-1\" \/>\n<link rel=\"canonical\" href=\"https:\/\/kawaiikadikoy.com\/en\/anasayfa\/\" \/>\n<meta property=\"og:locale\" content=\"en_US\" \/>\n<meta property=\"og:type\" content=\"article\" \/>\n<meta property=\"og:title\" content=\"Anasayfa\" \/>\n<meta property=\"og:description\" content=\"Kawaii Cafe, g\u00fcn\u00fcn yorgunlu\u011funu ve stresinizi bir kenara b\u0131rak\u0131p rahatlayabilece\u011finiz, samimiyet ve konforu bir arada tutan bir i\u015fletmedir.\" \/>\n<meta property=\"og:url\" content=\"https:\/\/kawaiikadikoy.com\/en\/anasayfa\/\" \/>\n<meta property=\"og:site_name\" content=\"Kawaii Cafe\" \/>\n<meta property=\"article:modified_time\" content=\"2024-09-29T16:15:49+00:00\" \/>\n<meta property=\"og:image\" content=\"https:\/\/kawaiikadikoy.com\/wp-content\/uploads\/2024\/09\/WhatsApp-Gorsel-2024-09-29-saat-18.18.44_9870a449-1024x768.webp\" \/>\n<meta name=\"twitter:card\" content=\"summary_large_image\" \/>\n<meta name=\"twitter:label1\" content=\"Est. reading time\" \/>\n\t<meta name=\"twitter:data1\" content=\"38 minutes\" \/>\n<script type=\"application\/ld+json\" class=\"yoast-schema-graph\">{\"@context\":\"https:\/\/schema.org\",\"@graph\":[{\"@type\":[\"WebPage\",\"ItemPage\"],\"@id\":\"https:\/\/kawaiikadikoy.com\/anasayfa\/\",\"url\":\"https:\/\/kawaiikadikoy.com\/anasayfa\/\",\"name\":\"Anasayfa - Kawaii Cafe\",\"isPartOf\":{\"@id\":\"https:\/\/kawaiikadikoy.com\/#website\"},\"primaryImageOfPage\":{\"@id\":\"https:\/\/kawaiikadikoy.com\/anasayfa\/#primaryimage\"},\"image\":{\"@id\":\"https:\/\/kawaiikadikoy.com\/anasayfa\/#primaryimage\"},\"thumbnailUrl\":\"https:\/\/kawaiikadikoy.com\/wp-content\/uploads\/2024\/09\/WhatsApp-Gorsel-2024-09-29-saat-18.18.44_9870a449-1024x768.webp\",\"datePublished\":\"2024-08-30T02:04:13+00:00\",\"dateModified\":\"2024-09-29T16:15:49+00:00\",\"description\":\"Kawaii Cafe, g\u00fcn\u00fcn yorgunlu\u011funu ve stresinizi bir kenara b\u0131rak\u0131p rahatlayabilece\u011finiz, samimiyet ve konforu bir arada tutan bir i\u015fletmedir.\",\"breadcrumb\":{\"@id\":\"https:\/\/kawaiikadikoy.com\/anasayfa\/#breadcrumb\"},\"inLanguage\":\"en-US\",\"potentialAction\":[{\"@type\":\"ReadAction\",\"target\":[\"https:\/\/kawaiikadikoy.com\/anasayfa\/\"]}]},{\"@type\":\"ImageObject\",\"inLanguage\":\"en-US\",\"@id\":\"https:\/\/kawaiikadikoy.com\/anasayfa\/#primaryimage\",\"url\":\"https:\/\/kawaiikadikoy.com\/wp-content\/uploads\/2024\/09\/WhatsApp-Gorsel-2024-09-29-saat-18.18.44_9870a449-1024x768.webp\",\"contentUrl\":\"https:\/\/kawaiikadikoy.com\/wp-content\/uploads\/2024\/09\/WhatsApp-Gorsel-2024-09-29-saat-18.18.44_9870a449-1024x768.webp\"},{\"@type\":\"BreadcrumbList\",\"@id\":\"https:\/\/kawaiikadikoy.com\/anasayfa\/#breadcrumb\",\"itemListElement\":[{\"@type\":\"ListItem\",\"position\":1,\"name\":\"Home\",\"item\":\"https:\/\/kawaiikadikoy.com\/\"},{\"@type\":\"ListItem\",\"position\":2,\"name\":\"Anasayfa\"}]},{\"@type\":\"WebSite\",\"@id\":\"https:\/\/kawaiikadikoy.com\/#website\",\"url\":\"https:\/\/kawaiikadikoy.com\/\",\"name\":\"Kawaii Cafe\",\"description\":\"\",\"publisher\":{\"@id\":\"https:\/\/kawaiikadikoy.com\/#organization\"},\"alternateName\":\"Kawaii\",\"potentialAction\":[{\"@type\":\"SearchAction\",\"target\":{\"@type\":\"EntryPoint\",\"urlTemplate\":\"https:\/\/kawaiikadikoy.com\/?s={search_term_string}\"},\"query-input\":\"required name=search_term_string\"}],\"inLanguage\":\"en-US\"},{\"@type\":\"Organization\",\"@id\":\"https:\/\/kawaiikadikoy.com\/#organization\",\"name\":\"Kawaii Cafe\",\"alternateName\":\"Kawaii\",\"url\":\"https:\/\/kawaiikadikoy.com\/\",\"logo\":{\"@type\":\"ImageObject\",\"inLanguage\":\"en-US\",\"@id\":\"https:\/\/kawaiikadikoy.com\/#\/schema\/logo\/image\/\",\"url\":\"https:\/\/kawaiikadikoy.com\/wp-content\/uploads\/2024\/07\/cropped-Kawaii_Final_for_web_1x1.png\",\"contentUrl\":\"https:\/\/kawaiikadikoy.com\/wp-content\/uploads\/2024\/07\/cropped-Kawaii_Final_for_web_1x1.png\",\"width\":1000,\"height\":1000,\"caption\":\"Kawaii Cafe\"},\"image\":{\"@id\":\"https:\/\/kawaiikadikoy.com\/#\/schema\/logo\/image\/\"},\"sameAs\":[\"https:\/\/www.instagram.com\/kawaiikadikoy\/\"],\"description\":\"Kawaii Cafe lezzetli ve e\u015fsiz tatl\u0131lar\u0131yla, s\u0131cak i\u00e7ecekleriyle i\u00e7inizi \u0131s\u0131tan ya da so\u011fuk i\u00e7ecekleriyle sizi ferahlatan, g\u00fcn\u00fcn yorgunlu\u011funu ve stresinizi bir kenara b\u0131rak\u0131p rahatlayabilece\u011finiz, samimiyet ve konforu bir arada tutan bir i\u015fletmedir.\",\"email\":\"iletisim@kawaiikadikoy.com\",\"telephone\":\"+90 533 955 16 34\",\"legalName\":\"Kbros\",\"foundingDate\":\"2024-07-24\",\"numberOfEmployees\":{\"@type\":\"QuantitativeValue\",\"minValue\":\"1\",\"maxValue\":\"10\"}}]}<\/script>\n<!-- \/ Yoast SEO Premium plugin. -->","yoast_head_json":{"title":"Anasayfa - Kawaii Cafe","description":"Kawaii Cafe, g\u00fcn\u00fcn yorgunlu\u011funu ve stresinizi bir kenara b\u0131rak\u0131p rahatlayabilece\u011finiz, samimiyet ve konforu bir arada tutan bir i\u015fletmedir.","robots":{"index":"index","follow":"follow","max-snippet":"max-snippet:-1","max-image-preview":"max-image-preview:large","max-video-preview":"max-video-preview:-1"},"canonical":"https:\/\/kawaiikadikoy.com\/en\/anasayfa\/","og_locale":"en_US","og_type":"article","og_title":"Anasayfa","og_description":"Kawaii Cafe, g\u00fcn\u00fcn yorgunlu\u011funu ve stresinizi bir kenara b\u0131rak\u0131p rahatlayabilece\u011finiz, samimiyet ve konforu bir arada tutan bir i\u015fletmedir.","og_url":"https:\/\/kawaiikadikoy.com\/en\/anasayfa\/","og_site_name":"Kawaii Cafe","article_modified_time":"2024-09-29T16:15:49+00:00","og_image":[{"url":"https:\/\/kawaiikadikoy.com\/wp-content\/uploads\/2024\/09\/WhatsApp-Gorsel-2024-09-29-saat-18.18.44_9870a449-1024x768.webp"}],"twitter_card":"summary_large_image","twitter_misc":{"Est. reading time":"38 minutes"},"schema":{"@context":"https:\/\/schema.org","@graph":[{"@type":["WebPage","ItemPage"],"@id":"https:\/\/kawaiikadikoy.com\/anasayfa\/","url":"https:\/\/kawaiikadikoy.com\/anasayfa\/","name":"Anasayfa - Kawaii Cafe","isPartOf":{"@id":"https:\/\/kawaiikadikoy.com\/#website"},"primaryImageOfPage":{"@id":"https:\/\/kawaiikadikoy.com\/anasayfa\/#primaryimage"},"image":{"@id":"https:\/\/kawaiikadikoy.com\/anasayfa\/#primaryimage"},"thumbnailUrl":"https:\/\/kawaiikadikoy.com\/wp-content\/uploads\/2024\/09\/WhatsApp-Gorsel-2024-09-29-saat-18.18.44_9870a449-1024x768.webp","datePublished":"2024-08-30T02:04:13+00:00","dateModified":"2024-09-29T16:15:49+00:00","description":"Kawaii Cafe, g\u00fcn\u00fcn yorgunlu\u011funu ve stresinizi bir kenara b\u0131rak\u0131p rahatlayabilece\u011finiz, samimiyet ve konforu bir arada tutan bir i\u015fletmedir.","breadcrumb":{"@id":"https:\/\/kawaiikadikoy.com\/anasayfa\/#breadcrumb"},"inLanguage":"en-US","potentialAction":[{"@type":"ReadAction","target":["https:\/\/kawaiikadikoy.com\/anasayfa\/"]}]},{"@type":"ImageObject","inLanguage":"en-US","@id":"https:\/\/kawaiikadikoy.com\/anasayfa\/#primaryimage","url":"https:\/\/kawaiikadikoy.com\/wp-content\/uploads\/2024\/09\/WhatsApp-Gorsel-2024-09-29-saat-18.18.44_9870a449-1024x768.webp","contentUrl":"https:\/\/kawaiikadikoy.com\/wp-content\/uploads\/2024\/09\/WhatsApp-Gorsel-2024-09-29-saat-18.18.44_9870a449-1024x768.webp"},{"@type":"BreadcrumbList","@id":"https:\/\/kawaiikadikoy.com\/anasayfa\/#breadcrumb","itemListElement":[{"@type":"ListItem","position":1,"name":"Home","item":"https:\/\/kawaiikadikoy.com\/"},{"@type":"ListItem","position":2,"name":"Anasayfa"}]},{"@type":"WebSite","@id":"https:\/\/kawaiikadikoy.com\/#website","url":"https:\/\/kawaiikadikoy.com\/","name":"Kawaii Cafe","description":"","publisher":{"@id":"https:\/\/kawaiikadikoy.com\/#organization"},"alternateName":"Kawaii","potentialAction":[{"@type":"SearchAction","target":{"@type":"EntryPoint","urlTemplate":"https:\/\/kawaiikadikoy.com\/?s={search_term_string}"},"query-input":"required name=search_term_string"}],"inLanguage":"en-US"},{"@type":"Organization","@id":"https:\/\/kawaiikadikoy.com\/#organization","name":"Kawaii Cafe","alternateName":"Kawaii","url":"https:\/\/kawaiikadikoy.com\/","logo":{"@type":"ImageObject","inLanguage":"en-US","@id":"https:\/\/kawaiikadikoy.com\/#\/schema\/logo\/image\/","url":"https:\/\/kawaiikadikoy.com\/wp-content\/uploads\/2024\/07\/cropped-Kawaii_Final_for_web_1x1.png","contentUrl":"https:\/\/kawaiikadikoy.com\/wp-content\/uploads\/2024\/07\/cropped-Kawaii_Final_for_web_1x1.png","width":1000,"height":1000,"caption":"Kawaii Cafe"},"image":{"@id":"https:\/\/kawaiikadikoy.com\/#\/schema\/logo\/image\/"},"sameAs":["https:\/\/www.instagram.com\/kawaiikadikoy\/"],"description":"Kawaii Cafe lezzetli ve e\u015fsiz tatl\u0131lar\u0131yla, s\u0131cak i\u00e7ecekleriyle i\u00e7inizi \u0131s\u0131tan ya da so\u011fuk i\u00e7ecekleriyle sizi ferahlatan, g\u00fcn\u00fcn yorgunlu\u011funu ve stresinizi bir kenara b\u0131rak\u0131p rahatlayabilece\u011finiz, samimiyet ve konforu bir arada tutan bir i\u015fletmedir.","email":"iletisim@kawaiikadikoy.com","telephone":"+90 533 955 16 34","legalName":"Kbros","foundingDate":"2024-07-24","numberOfEmployees":{"@type":"QuantitativeValue","minValue":"1","maxValue":"10"}}]}},"_links":{"self":[{"href":"https:\/\/kawaiikadikoy.com\/en\/wp-json\/wp\/v2\/pages\/594","targetHints":{"allow":["GET"]}}],"collection":[{"href":"https:\/\/kawaiikadikoy.com\/en\/wp-json\/wp\/v2\/pages"}],"about":[{"href":"https:\/\/kawaiikadikoy.com\/en\/wp-json\/wp\/v2\/types\/page"}],"author":[{"embeddable":true,"href":"https:\/\/kawaiikadikoy.com\/en\/wp-json\/wp\/v2\/users\/1"}],"replies":[{"embeddable":true,"href":"https:\/\/kawaiikadikoy.com\/en\/wp-json\/wp\/v2\/comments?post=594"}],"version-history":[{"count":32,"href":"https:\/\/kawaiikadikoy.com\/en\/wp-json\/wp\/v2\/pages\/594\/revisions"}],"predecessor-version":[{"id":786,"href":"https:\/\/kawaiikadikoy.com\/en\/wp-json\/wp\/v2\/pages\/594\/revisions\/786"}],"wp:attachment":[{"href":"https:\/\/kawaiikadikoy.com\/en\/wp-json\/wp\/v2\/media?parent=594"}],"curies":[{"name":"wp","href":"https:\/\/api.w.org\/{rel}","templated":true}]}}