{"id":597,"date":"2024-08-30T02:04:37","date_gmt":"2024-08-30T02:04:37","guid":{"rendered":"https:\/\/kawaiikadikoy.com\/?page_id=597"},"modified":"2024-09-29T22:12:20","modified_gmt":"2024-09-29T22:12:20","slug":"iletisim","status":"publish","type":"page","link":"https:\/\/kawaiikadikoy.com\/en\/iletisim\/","title":{"rendered":"Contact"},"content":{"rendered":"<div data-elementor-type=\"wp-post\" data-elementor-id=\"597\" class=\"elementor elementor-597\" data-elementor-post-type=\"page\">\n\t\t\t\t<div class=\"elementor-element elementor-element-7a79cb58 e-con-full e-flex e-con e-parent\" data-id=\"7a79cb58\" data-element_type=\"container\" data-settings=\"{&quot;background_background&quot;:&quot;classic&quot;}\">\n\t\t<div class=\"elementor-element elementor-element-17b3d3e e-con-full e-flex e-con e-child\" data-id=\"17b3d3e\" data-element_type=\"container\" data-settings=\"{&quot;background_background&quot;:&quot;classic&quot;}\">\n\t\t<div class=\"elementor-element elementor-element-1e7fb81 e-con-full e-transform e-flex e-con e-child\" data-id=\"1e7fb81\" data-element_type=\"container\" data-settings=\"{&quot;background_background&quot;:&quot;classic&quot;,&quot;position&quot;:&quot;absolute&quot;,&quot;_transform_translateX_effect_mobile&quot;:{&quot;unit&quot;:&quot;%&quot;,&quot;size&quot;:-50,&quot;sizes&quot;:[]},&quot;_transform_translateX_effect&quot;:{&quot;unit&quot;:&quot;px&quot;,&quot;size&quot;:&quot;&quot;,&quot;sizes&quot;:[]},&quot;_transform_translateX_effect_tablet&quot;:{&quot;unit&quot;:&quot;px&quot;,&quot;size&quot;:&quot;&quot;,&quot;sizes&quot;:[]},&quot;_transform_translateY_effect&quot;:{&quot;unit&quot;:&quot;px&quot;,&quot;size&quot;:&quot;&quot;,&quot;sizes&quot;:[]},&quot;_transform_translateY_effect_tablet&quot;:{&quot;unit&quot;:&quot;px&quot;,&quot;size&quot;:&quot;&quot;,&quot;sizes&quot;:[]},&quot;_transform_translateY_effect_mobile&quot;:{&quot;unit&quot;:&quot;px&quot;,&quot;size&quot;:&quot;&quot;,&quot;sizes&quot;:[]}}\">\n\t\t<div class=\"elementor-element elementor-element-4dbbc88 e-con-full e-flex e-con e-child\" data-id=\"4dbbc88\" data-element_type=\"container\" data-settings=\"{&quot;background_background&quot;:&quot;classic&quot;}\">\n\t\t\t\t<div class=\"elementor-element elementor-element-e976d77 elementor-widget elementor-widget-heading\" data-id=\"e976d77\" data-element_type=\"widget\" data-widget_type=\"heading.default\">\n\t\t\t\t<div class=\"elementor-widget-container\">\n\t\t\t<style>\/*! elementor - v3.23.0 - 23-07-2024 *\/\n.elementor-heading-title{padding:0;margin:0;line-height:1}.elementor-widget-heading .elementor-heading-title[class*=elementor-size-]>a{color:inherit;font-size:inherit;line-height:inherit}.elementor-widget-heading .elementor-heading-title.elementor-size-small{font-size:15px}.elementor-widget-heading .elementor-heading-title.elementor-size-medium{font-size:19px}.elementor-widget-heading .elementor-heading-title.elementor-size-large{font-size:29px}.elementor-widget-heading .elementor-heading-title.elementor-size-xl{font-size:39px}.elementor-widget-heading .elementor-heading-title.elementor-size-xxl{font-size:59px}<\/style><h1 class=\"elementor-heading-title elementor-size-default\">Contact<\/h1>\t\t<\/div>\n\t\t\t\t<\/div>\n\t\t\t\t<\/div>\n\t\t\t\t<\/div>\n\t\t<div class=\"elementor-element elementor-element-c95ca37 e-con-full e-flex e-con e-child\" data-id=\"c95ca37\" data-element_type=\"container\">\n\t\t<div class=\"elementor-element elementor-element-8eaae08 e-con-full e-flex e-con e-child\" data-id=\"8eaae08\" data-element_type=\"container\">\n\t\t\t\t<div class=\"elementor-element elementor-element-e14198b elementor-widget elementor-widget-heading\" data-id=\"e14198b\" data-element_type=\"widget\" data-widget_type=\"heading.default\">\n\t\t\t\t<div class=\"elementor-widget-container\">\n\t\t\t<h2 class=\"elementor-heading-title elementor-size-default\">Bize Yaz\u0131n<\/h2>\t\t<\/div>\n\t\t\t\t<\/div>\n\t\t\t\t<div class=\"elementor-element elementor-element-1bbfa1b elementor-widget elementor-widget-text-editor\" data-id=\"1bbfa1b\" data-element_type=\"widget\" data-widget_type=\"text-editor.default\">\n\t\t\t\t<div class=\"elementor-widget-container\">\n\t\t\t<style>\/*! elementor - v3.23.0 - 23-07-2024 *\/\n.elementor-widget-text-editor.elementor-drop-cap-view-stacked .elementor-drop-cap{background-color:#69727d;color:#fff}.elementor-widget-text-editor.elementor-drop-cap-view-framed .elementor-drop-cap{color:#69727d;border:3px solid;background-color:transparent}.elementor-widget-text-editor:not(.elementor-drop-cap-view-default) .elementor-drop-cap{margin-top:8px}.elementor-widget-text-editor:not(.elementor-drop-cap-view-default) .elementor-drop-cap-letter{width:1em;height:1em}.elementor-widget-text-editor .elementor-drop-cap{float:left;text-align:center;line-height:1;font-size:50px}.elementor-widget-text-editor .elementor-drop-cap-letter{display:inline-block}<\/style>\t\t\t\t<p>\u0130stek, \u00f6neri, \u015fikayet vb. mesajlar\u0131n\u0131z bizle payla\u015fmaktan \u00e7ekinmeyin! Sizlere yard\u0131mc\u0131 olmak ad\u0131na elimizden geleni yapaca\u011f\u0131z.<\/p><p>Hemen alttaki formu doldurarak bizlere mesaj\u0131n\u0131z\u0131 iletebilirsiniz!<\/p>\t\t\t\t\t\t<\/div>\n\t\t\t\t<\/div>\n\t\t\t\t<\/div>\n\t\t<div class=\"elementor-element elementor-element-c29b6f3 e-con-full e-flex e-con e-child\" data-id=\"c29b6f3\" data-element_type=\"container\">\n\t\t\t\t<\/div>\n\t\t\t\t<\/div>\n\t\t<div class=\"elementor-element elementor-element-ede5169 e-con-full e-flex e-con e-child\" data-id=\"ede5169\" data-element_type=\"container\">\n\t\t<div class=\"elementor-element elementor-element-8125110 e-con-full e-flex e-con e-child\" data-id=\"8125110\" data-element_type=\"container\">\n\t\t\t\t<div class=\"elementor-element elementor-element-6ba76c0 elementor-widget elementor-widget-google_maps\" data-id=\"6ba76c0\" data-element_type=\"widget\" data-widget_type=\"google_maps.default\">\n\t\t\t\t<div class=\"elementor-widget-container\">\n\t\t\t<style>\/*! elementor - v3.23.0 - 23-07-2024 *\/\n.elementor-widget-google_maps .elementor-widget-container{overflow:hidden}.elementor-widget-google_maps .elementor-custom-embed{line-height:0}.elementor-widget-google_maps iframe{height:300px}<\/style>\t\t<div class=\"elementor-custom-embed\">\n\t\t\t<iframe loading=\"lazy\"\n\t\t\t\t\tsrc=\"https:\/\/maps.google.com\/maps?q=Kawaii%20Cafe%20Kad%C4%B1k%C3%B6y&#038;t=m&#038;z=16&#038;output=embed&#038;iwloc=near\"\n\t\t\t\t\ttitle=\"Kawaii Cafe Kad\u0131k\u00f6y\"\n\t\t\t\t\taria-label=\"Kawaii Cafe Kad\u0131k\u00f6y\"\n\t\t\t><\/iframe>\n\t\t<\/div>\n\t\t\t\t<\/div>\n\t\t\t\t<\/div>\n\t\t\t\t<\/div>\n\t\t<div class=\"elementor-element elementor-element-6825bd0 e-con-full e-flex e-con e-child\" data-id=\"6825bd0\" data-element_type=\"container\">\n\t\t\t\t<div class=\"elementor-element elementor-element-e1ed7bc elementor-align-left elementor-widget__width-inherit elementor-icon-list--layout-traditional elementor-list-item-link-full_width elementor-widget elementor-widget-icon-list\" data-id=\"e1ed7bc\" data-element_type=\"widget\" data-widget_type=\"icon-list.default\">\n\t\t\t\t<div class=\"elementor-widget-container\">\n\t\t\t<link rel=\"stylesheet\" href=\"https:\/\/kawaiikadikoy.com\/wp-content\/plugins\/elementor\/assets\/css\/widget-icon-list.min.css\">\t\t<ul class=\"elementor-icon-list-items\">\n\t\t\t\t\t\t\t<li class=\"elementor-icon-list-item\">\n\t\t\t\t\t\t\t\t\t\t\t<span class=\"elementor-icon-list-icon\">\n\t\t\t\t\t\t\t<svg aria-hidden=\"true\" class=\"e-font-icon-svg e-fas-map-marker-alt\" viewbox=\"0 0 384 512\" xmlns=\"http:\/\/www.w3.org\/2000\/svg\"><path d=\"M172.268 501.67C26.97 291.031 0 269.413 0 192 0 85.961 85.961 0 192 0s192 85.961 192 192c0 77.413-26.97 99.031-172.268 309.67-9.535 13.774-29.93 13.773-39.464 0zM192 272c44.183 0 80-35.817 80-80s-35.817-80-80-80-80 35.817-80 80 35.817 80 80 80z\"><\/path><\/svg>\t\t\t\t\t\t<\/span>\n\t\t\t\t\t\t\t\t\t\t<span class=\"elementor-icon-list-text\">Cafera\u011fa, \u015eair Latifi Sk. 27\/A, 34710 Kad\u0131k\u00f6y\/\u0130stanbul<\/span>\n\t\t\t\t\t\t\t\t\t<\/li>\n\t\t\t\t\t\t\t\t<li class=\"elementor-icon-list-item\">\n\t\t\t\t\t\t\t\t\t\t\t<span class=\"elementor-icon-list-icon\">\n\t\t\t\t\t\t\t<svg aria-hidden=\"true\" class=\"e-font-icon-svg e-fas-envelope\" viewbox=\"0 0 512 512\" xmlns=\"http:\/\/www.w3.org\/2000\/svg\"><path d=\"M502.3 190.8c3.9-3.1 9.7-.2 9.7 4.7V400c0 26.5-21.5 48-48 48H48c-26.5 0-48-21.5-48-48V195.6c0-5 5.7-7.8 9.7-4.7 22.4 17.4 52.1 39.5 154.1 113.6 21.1 15.4 56.7 47.8 92.2 47.6 35.7.3 72-32.8 92.3-47.6 102-74.1 131.6-96.3 154-113.7zM256 320c23.2.4 56.6-29.2 73.4-41.4 132.7-96.3 142.8-104.7 173.4-128.7 5.8-4.5 9.2-11.5 9.2-18.9v-19c0-26.5-21.5-48-48-48H48C21.5 64 0 85.5 0 112v19c0 7.4 3.4 14.3 9.2 18.9 30.6 23.9 40.7 32.4 173.4 128.7 16.8 12.2 50.2 41.8 73.4 41.4z\"><\/path><\/svg>\t\t\t\t\t\t<\/span>\n\t\t\t\t\t\t\t\t\t\t<span class=\"elementor-icon-list-text\">iletisim@kawaiikadikoy.com<\/span>\n\t\t\t\t\t\t\t\t\t<\/li>\n\t\t\t\t\t\t\t\t<li class=\"elementor-icon-list-item\">\n\t\t\t\t\t\t\t\t\t\t\t<span class=\"elementor-icon-list-icon\">\n\t\t\t\t\t\t\t<svg aria-hidden=\"true\" class=\"e-font-icon-svg e-fas-phone\" viewbox=\"0 0 512 512\" xmlns=\"http:\/\/www.w3.org\/2000\/svg\"><path d=\"M493.4 24.6l-104-24c-11.3-2.6-22.9 3.3-27.5 13.9l-48 112c-4.2 9.8-1.4 21.3 6.9 28l60.6 49.6c-36 76.7-98.9 140.5-177.2 177.2l-49.6-60.6c-6.8-8.3-18.2-11.1-28-6.9l-112 48C3.9 366.5-2 378.1.6 389.4l24 104C27.1 504.2 36.7 512 48 512c256.1 0 464-207.5 464-464 0-11.2-7.7-20.9-18.6-23.4z\"><\/path><\/svg>\t\t\t\t\t\t<\/span>\n\t\t\t\t\t\t\t\t\t\t<span class=\"elementor-icon-list-text\">+90 533 955 16 34<\/span>\n\t\t\t\t\t\t\t\t\t<\/li>\n\t\t\t\t\t\t<\/ul>\n\t\t\t\t<\/div>\n\t\t\t\t<\/div>\n\t\t\t\t<\/div>\n\t\t\t\t<\/div>\n\t\t\t\t<\/div>\n\t\t\t\t<\/div>\n\t\t\t\t<\/div>","protected":false},"excerpt":{"rendered":"<p>\u0130leti\u015fim Bize Yaz\u0131n \u0130stek, \u00f6neri, \u015fikayet vb. mesajlar\u0131n\u0131z bizle payla\u015fmaktan \u00e7ekinmeyin! Sizlere yard\u0131mc\u0131 olmak ad\u0131na elimizden geleni yapaca\u011f\u0131z. Hemen alttaki formu doldurarak bizlere mesaj\u0131n\u0131z\u0131 iletebilirsiniz! Cafera\u011fa, \u015eair Latifi Sk. 27\/A, 34710 Kad\u0131k\u00f6y\/\u0130stanbul iletisim@kawaiikadikoy.com +90 533 955 16 34<\/p>","protected":false},"author":1,"featured_media":0,"parent":0,"menu_order":1,"comment_status":"closed","ping_status":"closed","template":"","meta":{"_acf_changed":false,"footnotes":""},"class_list":["post-597","page","type-page","status-publish","hentry"],"acf":[],"yoast_head":"<!-- This site is optimized with the Yoast SEO Premium plugin v23.1 (Yoast SEO v23.1) - https:\/\/yoast.com\/wordpress\/plugins\/seo\/ -->\n<title>\u0130leti\u015fim - Kawaii Cafe<\/title>\n<meta name=\"description\" content=\"Kawaii Cafe, g\u00fcn\u00fcn yorgunlu\u011funu ve stresinizi bir kenara b\u0131rak\u0131p rahatlayabilece\u011finiz, samimiyet ve konforu bir arada tutan bir i\u015fletmedir.\" \/>\n<meta name=\"robots\" content=\"index, follow, max-snippet:-1, max-image-preview:large, max-video-preview:-1\" \/>\n<link rel=\"canonical\" href=\"https:\/\/kawaiikadikoy.com\/en\/iletisim\/\" \/>\n<meta property=\"og:locale\" content=\"en_US\" \/>\n<meta property=\"og:type\" content=\"article\" \/>\n<meta property=\"og:title\" content=\"\u0130leti\u015fim\" \/>\n<meta property=\"og:description\" content=\"Kawaii Cafe, g\u00fcn\u00fcn yorgunlu\u011funu ve stresinizi bir kenara b\u0131rak\u0131p rahatlayabilece\u011finiz, samimiyet ve konforu bir arada tutan bir i\u015fletmedir.\" \/>\n<meta property=\"og:url\" content=\"https:\/\/kawaiikadikoy.com\/en\/iletisim\/\" \/>\n<meta property=\"og:site_name\" content=\"Kawaii Cafe\" \/>\n<meta property=\"article:modified_time\" content=\"2024-09-29T22:12:20+00:00\" \/>\n<meta name=\"twitter:card\" content=\"summary_large_image\" \/>\n<meta name=\"twitter:label1\" content=\"Est. reading time\" \/>\n\t<meta name=\"twitter:data1\" content=\"1 minute\" \/>\n<script type=\"application\/ld+json\" class=\"yoast-schema-graph\">{\"@context\":\"https:\/\/schema.org\",\"@graph\":[{\"@type\":[\"WebPage\",\"ItemPage\"],\"@id\":\"https:\/\/kawaiikadikoy.com\/iletisim\/\",\"url\":\"https:\/\/kawaiikadikoy.com\/iletisim\/\",\"name\":\"\u0130leti\u015fim - Kawaii Cafe\",\"isPartOf\":{\"@id\":\"https:\/\/kawaiikadikoy.com\/#website\"},\"datePublished\":\"2024-08-30T02:04:37+00:00\",\"dateModified\":\"2024-09-29T22:12:20+00:00\",\"description\":\"Kawaii Cafe, g\u00fcn\u00fcn yorgunlu\u011funu ve stresinizi bir kenara b\u0131rak\u0131p rahatlayabilece\u011finiz, samimiyet ve konforu bir arada tutan bir i\u015fletmedir.\",\"breadcrumb\":{\"@id\":\"https:\/\/kawaiikadikoy.com\/iletisim\/#breadcrumb\"},\"inLanguage\":\"en-US\",\"potentialAction\":[{\"@type\":\"ReadAction\",\"target\":[\"https:\/\/kawaiikadikoy.com\/iletisim\/\"]}]},{\"@type\":\"BreadcrumbList\",\"@id\":\"https:\/\/kawaiikadikoy.com\/iletisim\/#breadcrumb\",\"itemListElement\":[{\"@type\":\"ListItem\",\"position\":1,\"name\":\"Home\",\"item\":\"https:\/\/kawaiikadikoy.com\/\"},{\"@type\":\"ListItem\",\"position\":2,\"name\":\"\u0130leti\u015fim\"}]},{\"@type\":\"WebSite\",\"@id\":\"https:\/\/kawaiikadikoy.com\/#website\",\"url\":\"https:\/\/kawaiikadikoy.com\/\",\"name\":\"Kawaii Cafe\",\"description\":\"\",\"publisher\":{\"@id\":\"https:\/\/kawaiikadikoy.com\/#organization\"},\"alternateName\":\"Kawaii\",\"potentialAction\":[{\"@type\":\"SearchAction\",\"target\":{\"@type\":\"EntryPoint\",\"urlTemplate\":\"https:\/\/kawaiikadikoy.com\/?s={search_term_string}\"},\"query-input\":\"required name=search_term_string\"}],\"inLanguage\":\"en-US\"},{\"@type\":\"Organization\",\"@id\":\"https:\/\/kawaiikadikoy.com\/#organization\",\"name\":\"Kawaii Cafe\",\"alternateName\":\"Kawaii\",\"url\":\"https:\/\/kawaiikadikoy.com\/\",\"logo\":{\"@type\":\"ImageObject\",\"inLanguage\":\"en-US\",\"@id\":\"https:\/\/kawaiikadikoy.com\/#\/schema\/logo\/image\/\",\"url\":\"https:\/\/kawaiikadikoy.com\/wp-content\/uploads\/2024\/07\/cropped-Kawaii_Final_for_web_1x1.png\",\"contentUrl\":\"https:\/\/kawaiikadikoy.com\/wp-content\/uploads\/2024\/07\/cropped-Kawaii_Final_for_web_1x1.png\",\"width\":1000,\"height\":1000,\"caption\":\"Kawaii Cafe\"},\"image\":{\"@id\":\"https:\/\/kawaiikadikoy.com\/#\/schema\/logo\/image\/\"},\"sameAs\":[\"https:\/\/www.instagram.com\/kawaiikadikoy\/\"],\"description\":\"Kawaii Cafe lezzetli ve e\u015fsiz tatl\u0131lar\u0131yla, s\u0131cak i\u00e7ecekleriyle i\u00e7inizi \u0131s\u0131tan ya da so\u011fuk i\u00e7ecekleriyle sizi ferahlatan, g\u00fcn\u00fcn yorgunlu\u011funu ve stresinizi bir kenara b\u0131rak\u0131p rahatlayabilece\u011finiz, samimiyet ve konforu bir arada tutan bir i\u015fletmedir.\",\"email\":\"iletisim@kawaiikadikoy.com\",\"telephone\":\"+90 533 955 16 34\",\"legalName\":\"Kbros\",\"foundingDate\":\"2024-07-24\",\"numberOfEmployees\":{\"@type\":\"QuantitativeValue\",\"minValue\":\"1\",\"maxValue\":\"10\"}}]}<\/script>\n<!-- \/ Yoast SEO Premium plugin. -->","yoast_head_json":{"title":"\u0130leti\u015fim - Kawaii Cafe","description":"Kawaii Cafe, g\u00fcn\u00fcn yorgunlu\u011funu ve stresinizi bir kenara b\u0131rak\u0131p rahatlayabilece\u011finiz, samimiyet ve konforu bir arada tutan bir i\u015fletmedir.","robots":{"index":"index","follow":"follow","max-snippet":"max-snippet:-1","max-image-preview":"max-image-preview:large","max-video-preview":"max-video-preview:-1"},"canonical":"https:\/\/kawaiikadikoy.com\/en\/iletisim\/","og_locale":"en_US","og_type":"article","og_title":"\u0130leti\u015fim","og_description":"Kawaii Cafe, g\u00fcn\u00fcn yorgunlu\u011funu ve stresinizi bir kenara b\u0131rak\u0131p rahatlayabilece\u011finiz, samimiyet ve konforu bir arada tutan bir i\u015fletmedir.","og_url":"https:\/\/kawaiikadikoy.com\/en\/iletisim\/","og_site_name":"Kawaii Cafe","article_modified_time":"2024-09-29T22:12:20+00:00","twitter_card":"summary_large_image","twitter_misc":{"Est. reading time":"1 minute"},"schema":{"@context":"https:\/\/schema.org","@graph":[{"@type":["WebPage","ItemPage"],"@id":"https:\/\/kawaiikadikoy.com\/iletisim\/","url":"https:\/\/kawaiikadikoy.com\/iletisim\/","name":"\u0130leti\u015fim - Kawaii Cafe","isPartOf":{"@id":"https:\/\/kawaiikadikoy.com\/#website"},"datePublished":"2024-08-30T02:04:37+00:00","dateModified":"2024-09-29T22:12:20+00:00","description":"Kawaii Cafe, g\u00fcn\u00fcn yorgunlu\u011funu ve stresinizi bir kenara b\u0131rak\u0131p rahatlayabilece\u011finiz, samimiyet ve konforu bir arada tutan bir i\u015fletmedir.","breadcrumb":{"@id":"https:\/\/kawaiikadikoy.com\/iletisim\/#breadcrumb"},"inLanguage":"en-US","potentialAction":[{"@type":"ReadAction","target":["https:\/\/kawaiikadikoy.com\/iletisim\/"]}]},{"@type":"BreadcrumbList","@id":"https:\/\/kawaiikadikoy.com\/iletisim\/#breadcrumb","itemListElement":[{"@type":"ListItem","position":1,"name":"Home","item":"https:\/\/kawaiikadikoy.com\/"},{"@type":"ListItem","position":2,"name":"\u0130leti\u015fim"}]},{"@type":"WebSite","@id":"https:\/\/kawaiikadikoy.com\/#website","url":"https:\/\/kawaiikadikoy.com\/","name":"Kawaii Cafe","description":"","publisher":{"@id":"https:\/\/kawaiikadikoy.com\/#organization"},"alternateName":"Kawaii","potentialAction":[{"@type":"SearchAction","target":{"@type":"EntryPoint","urlTemplate":"https:\/\/kawaiikadikoy.com\/?s={search_term_string}"},"query-input":"required name=search_term_string"}],"inLanguage":"en-US"},{"@type":"Organization","@id":"https:\/\/kawaiikadikoy.com\/#organization","name":"Kawaii Cafe","alternateName":"Kawaii","url":"https:\/\/kawaiikadikoy.com\/","logo":{"@type":"ImageObject","inLanguage":"en-US","@id":"https:\/\/kawaiikadikoy.com\/#\/schema\/logo\/image\/","url":"https:\/\/kawaiikadikoy.com\/wp-content\/uploads\/2024\/07\/cropped-Kawaii_Final_for_web_1x1.png","contentUrl":"https:\/\/kawaiikadikoy.com\/wp-content\/uploads\/2024\/07\/cropped-Kawaii_Final_for_web_1x1.png","width":1000,"height":1000,"caption":"Kawaii Cafe"},"image":{"@id":"https:\/\/kawaiikadikoy.com\/#\/schema\/logo\/image\/"},"sameAs":["https:\/\/www.instagram.com\/kawaiikadikoy\/"],"description":"Kawaii Cafe lezzetli ve e\u015fsiz tatl\u0131lar\u0131yla, s\u0131cak i\u00e7ecekleriyle i\u00e7inizi \u0131s\u0131tan ya da so\u011fuk i\u00e7ecekleriyle sizi ferahlatan, g\u00fcn\u00fcn yorgunlu\u011funu ve stresinizi bir kenara b\u0131rak\u0131p rahatlayabilece\u011finiz, samimiyet ve konforu bir arada tutan bir i\u015fletmedir.","email":"iletisim@kawaiikadikoy.com","telephone":"+90 533 955 16 34","legalName":"Kbros","foundingDate":"2024-07-24","numberOfEmployees":{"@type":"QuantitativeValue","minValue":"1","maxValue":"10"}}]}},"_links":{"self":[{"href":"https:\/\/kawaiikadikoy.com\/en\/wp-json\/wp\/v2\/pages\/597","targetHints":{"allow":["GET"]}}],"collection":[{"href":"https:\/\/kawaiikadikoy.com\/en\/wp-json\/wp\/v2\/pages"}],"about":[{"href":"https:\/\/kawaiikadikoy.com\/en\/wp-json\/wp\/v2\/types\/page"}],"author":[{"embeddable":true,"href":"https:\/\/kawaiikadikoy.com\/en\/wp-json\/wp\/v2\/users\/1"}],"replies":[{"embeddable":true,"href":"https:\/\/kawaiikadikoy.com\/en\/wp-json\/wp\/v2\/comments?post=597"}],"version-history":[{"count":19,"href":"https:\/\/kawaiikadikoy.com\/en\/wp-json\/wp\/v2\/pages\/597\/revisions"}],"predecessor-version":[{"id":802,"href":"https:\/\/kawaiikadikoy.com\/en\/wp-json\/wp\/v2\/pages\/597\/revisions\/802"}],"wp:attachment":[{"href":"https:\/\/kawaiikadikoy.com\/en\/wp-json\/wp\/v2\/media?parent=597"}],"curies":[{"name":"wp","href":"https:\/\/api.w.org\/{rel}","templated":true}]}}